{"id":8768,"date":"2022-09-29T11:09:29","date_gmt":"2022-09-29T11:09:29","guid":{"rendered":"http:\/\/intercot.es\/politica-de-privacidad\/"},"modified":"2022-12-14T15:49:42","modified_gmt":"2022-12-14T15:49:42","slug":"politica-de-privacidad","status":"publish","type":"page","link":"https:\/\/intercot.es\/en\/politica-de-privacidad\/","title":{"rendered":"Pol\u00edtica de privacidad"},"content":{"rendered":"\n<p><\/p>\n\n\n\n<h4 class=\"wp-block-heading\">Informacion sobre Protecci\u00f3n de Datos<br><br><\/h4>\n\n\n\n<p><strong>Datos relativos al Responsable<\/strong><\/p>\n\n\n\n<p><strong>Responsable Tratamiento<\/strong><br>&nbsp;&nbsp;Empresa: INTERCOT S.A. &#8211; A58188095<br>&nbsp;&nbsp;Direccion: FABRICA NOVA SN &#8211; 08274 SANT FELIU SASSERRA<br>&nbsp;&nbsp;Contacto: intercot@intercot.es &#8211; 938819036<br><br><strong>Delegado Proteccion de Datos<\/strong><br>&nbsp;&nbsp;Nombre: Joan&nbsp;<br>&nbsp;&nbsp;Contacto: intercot@intercot.es&nbsp;<br><br><\/p>\n\n\n\n<p><strong>Finalidades<\/strong><\/p>\n\n\n\n<p>En cumplimiento de lo dispuesto en el Reglamento Europeo 2016\/679 General de Protecci\u00f3n de Datos, le informamos de que, dependiendo de la relaci\u00f3n que tenga con nosotros, en&nbsp;<strong>INTERCOT S.A.<\/strong>&nbsp;tratamos los datos que nos facilita para alguna, o todas, las siguientes finalidades:<\/p>\n\n\n\n<ul class=\"wp-block-list\"><li>Archivo\/historial de trabajadores y extrabajadores de la empresa<ul><li>Compra\/venta de bienes y servicios.<\/li><\/ul><ul><li>Control y supervisi\u00f3n de la eficiencia y calidad de la entidad<\/li><\/ul><ul><li>Control y vigilancia de acceso a lugares<\/li><\/ul><ul><li>Coordinaci\u00f3n de actividades empresariales<\/li><\/ul><ul><li>Creaci\u00f3n de contratos, confecci\u00f3n de n\u00f3minas y otras tareas relacionadas<\/li><\/ul><ul><li>Env\u00edo de informaci\u00f3n comercial de la entidad mediante correo postal, correo electr\u00f3nico u otros<\/li><\/ul><ul><li>Formaci\u00f3n<\/li><\/ul><ul><li>Gesti\u00f3n contable, administrativa, de facturaci\u00f3n, de cobros y pagos<\/li><\/ul><ul><li>Mantenimiento de la relaci\u00f3n laboral y contra-prestaci\u00f3n por los trabajos realizados<\/li><\/ul><ul><li>Prestarles un servicio<\/li><\/ul><ul><li>Publicaci\u00f3n en datos de car\u00e1cter personal en las diferentes rede sociales u otros m\u00e9todos de publicaci\u00f3n<\/li><\/ul><ul><li>Realizaci\u00f3n de cobro mediante TPV<\/li><\/ul><ul><li>Realizaci\u00f3n de un curso\/formaci\u00f3n mediante p\u00e1gina web\/plataforma.<\/li><\/ul><ul><li>Recepci\u00f3n de la prestaci\u00f3n de un servicio<\/li><\/ul><ul><li>Registro de los cursos\/formaciones realizadas<\/li><\/ul><ul><li>Seguridad de la entidad.<\/li><\/ul><ul><li>Servicio postventa y fidelizaci\u00f3n<\/li><\/ul><ul><li>Tramitaci\u00f3n de altas y bajas por enfermedad com\u00fan o accidente laboral<\/li><\/ul><ul><li>Tramitaci\u00f3n de presupuestos<\/li><\/ul><ul><li>Tratamiento de datos para cursos y formaciones<\/li><\/ul><ul><li>Utilizaci\u00f3n de datos derivados de las actividades de la empresa<\/li><\/ul><\/li><\/ul>\n\n\n\n<p><strong>Plazo de conservaci\u00f3n de los datos<\/strong><\/p>\n\n\n\n<p>Sus datos ser\u00e1n conservados mientras dure la relaci\u00f3n contractual, comercial o de otro tipo con nuestra entidad, solicite su supresi\u00f3n, as\u00ed como el tiempo necesario para cumplir las obligaciones legales.<\/p>\n\n\n\n<p><strong>Legitimaci\u00f3n<\/strong><\/p>\n\n\n\n<p>La base legal para el tratamiento de tus datos radica por:<\/p>\n\n\n\n<ul class=\"wp-block-list\"><li>Consentimiento inequ\u00edvoco<ul><li>Ejecuci\u00f3n de un contrato<\/li><\/ul><ul><li>Inter\u00e9s leg\u00edtimo por parte del responsable del tratamiento<\/li><\/ul><ul><li>Proteger el interes vital de un afectado<\/li><\/ul><\/li><\/ul>\n\n\n\n<p><strong>Destinatarios<\/strong><\/p>\n\n\n\n<p>Sus datos personales ser\u00e1n comunicados a terceros en los siguientes supuestos:<\/p>\n\n\n\n<ul class=\"wp-block-list\"><li>A otros responsables del tratamiento<ul><li>Administraci\u00f3n tributaria<\/li><\/ul><ul><li>Agencia de Seguridad<\/li><\/ul><ul><li>Bancos y entidades financieras<\/li><\/ul><ul><li>Encargados de destrucci\u00f3n de documentaci\u00f3n<\/li><\/ul><ul><li>Entidades de Consultor\u00eda\/Auditor\u00eda<\/li><\/ul><ul><li>Entidades de formaci\u00f3n<\/li><\/ul><ul><li>Entidades de publicidad y marketing<\/li><\/ul><ul><li>Entidades inform\u00e1ticas de mantenimiento de software y hardware<\/li><\/ul><ul><li>Gestor\u00eda\/Asesor\u00eda<\/li><\/ul><ul><li>Seguridad social<\/li><\/ul><ul><li>Servicio de Prevenci\u00f3n de Riesgos Laborales<\/li><\/ul><\/li><\/ul>\n\n\n\n<p><strong>Derechos<\/strong><\/p>\n\n\n\n<p>Tiene derecho a obtener confirmaci\u00f3n sobre si en&nbsp;INTERCOT S.A.&nbsp;estamos tratando datos personales que le conciernan, o no.<\/p>\n\n\n\n<p>Asimismo, tiene derecho de acceso a sus datos personales, as\u00ed como a solicitar la&nbsp;<em>rectificaci\u00f3n<\/em>&nbsp;de los datos inexactos o, en su caso, solicitar su&nbsp;<em>supresi\u00f3n<\/em>&nbsp;cuando, entre otros motivos, los datos ya no sean necesarios para los fines que fueron recogidos.<\/p>\n\n\n\n<p>En determinadas circunstancias, podr\u00e1 solicitar la&nbsp;<em>limitaci\u00f3n del tratamiento<\/em>&nbsp;de sus datos, en cuyo caso \u00fanicamente los conservaremos para el ejercicio o la defensa de reclamaciones.<\/p>\n\n\n\n<p>Adicionalmente, en determinadas circunstancias y por motivos relacionados con tu situaci\u00f3n particular, podr\u00e1 ejercer el derecho de&nbsp;<em>oposici\u00f3n<\/em>&nbsp;al tratamiento de sus datos.&nbsp;INTERCOT S.A.&nbsp;dejar\u00e1 de tratar los datos, salvo por motivos leg\u00edtimos imperiosos, o el ejercicio o la defensa de posibles reclamaciones.<\/p>\n\n\n\n<p>Asimismo, puede ejercer el derecho a la&nbsp;<em>portabilidad<\/em>&nbsp;de los datos, as\u00ed como retirar los consentimientos facilitados en cualquier momento, sin que ello afecte a la licitud del tratamiento basado en el consentimiento previo a su retirada.<\/p>\n\n\n\n<p>Alternativamente, tambi\u00e9n puede dirigirse a nosotros mediante correo postal a la siguiente direcci\u00f3n:&nbsp;FABRICA NOVA SN &#8211; 08274 SANT FELIU SASSERRA adjuntado una fotocopia del DNI, para la certeza de su identidad. Recuerde facilitar la mayor informaci\u00f3n posible sobre su solicitud: Nombre y apellidos, direcci\u00f3n de correo electr\u00f3nico que utiliza para la cuenta o portal objeto de tu solicitud.<\/p>\n\n\n\n<p>Por \u00faltimo, le informamos que puede dirigirse ante la Agencia Espa\u00f1ola de Protecci\u00f3n de Datos y dem\u00e1s organismos p\u00fablicos competentes para cualquier reclamaci\u00f3n derivada del tratamiento de tus datos personales.<\/p>\n\n\n\n<p><strong>Pol\u00edtica de cookies<\/strong><\/p>\n\n\n\n<p>Para conocer las cookies que utilizamos en nuestra p\u00e1gina, recuerde que puede acceder a nuestra Pol\u00edtica de Cookies a trav\u00e9s del siguiente enlace&nbsp;<a href=\"https:\/\/intranet.milopd.com\/politicaCookies\/index.php?sid=YkFPR3RUeFJzbzhLWjIxZHdpcmR6QT09\" target=\"_blank\" rel=\"noreferrer noopener\">pol\u00edtica de cookies<\/a>.<\/p>\n","protected":false},"excerpt":{"rendered":"<p>Informacion sobre Protecci\u00f3n de Datos Datos relativos al Responsable Responsable Tratamiento&nbsp;&nbsp;Empresa: INTERCOT S.A. &#8211; A58188095&nbsp;&nbsp;Direccion: FABRICA NOVA SN &#8211; 08274<\/p>\n","protected":false},"author":1,"featured_media":0,"parent":0,"menu_order":0,"comment_status":"closed","ping_status":"open","template":"","meta":{"_monsterinsights_skip_tracking":false,"_monsterinsights_sitenote_active":false,"_monsterinsights_sitenote_note":"","_monsterinsights_sitenote_category":0,"footnotes":""},"class_list":["post-8768","page","type-page","status-publish","hentry"],"aioseo_notices":[],"_links":{"self":[{"href":"https:\/\/intercot.es\/en\/wp-json\/wp\/v2\/pages\/8768","targetHints":{"allow":["GET"]}}],"collection":[{"href":"https:\/\/intercot.es\/en\/wp-json\/wp\/v2\/pages"}],"about":[{"href":"https:\/\/intercot.es\/en\/wp-json\/wp\/v2\/types\/page"}],"author":[{"embeddable":true,"href":"https:\/\/intercot.es\/en\/wp-json\/wp\/v2\/users\/1"}],"replies":[{"embeddable":true,"href":"https:\/\/intercot.es\/en\/wp-json\/wp\/v2\/comments?post=8768"}],"version-history":[{"count":1,"href":"https:\/\/intercot.es\/en\/wp-json\/wp\/v2\/pages\/8768\/revisions"}],"predecessor-version":[{"id":8771,"href":"https:\/\/intercot.es\/en\/wp-json\/wp\/v2\/pages\/8768\/revisions\/8771"}],"wp:attachment":[{"href":"https:\/\/intercot.es\/en\/wp-json\/wp\/v2\/media?parent=8768"}],"curies":[{"name":"wp","href":"https:\/\/api.w.org\/{rel}","templated":true}]}}