{"id":17979,"date":"2025-11-19T10:29:48","date_gmt":"2025-11-19T10:29:48","guid":{"rendered":"https:\/\/intercot.es\/produits\/viscosa-100\/"},"modified":"2026-01-26T12:46:29","modified_gmt":"2026-01-26T12:46:29","slug":"viscose-100","status":"publish","type":"page","link":"https:\/\/intercot.es\/fr\/produits\/viscose-100\/","title":{"rendered":"100% viscose"},"content":{"rendered":"<div class=\"wpb-content-wrapper\"><p>[vc_row full_width=\u00a0\u00bbstretch_row_content_no_spaces\u00a0\u00bb woodmart_css_id=\u00a0\u00bb633c3af83dbd2&Prime; responsive_spacing=\u00a0\u00bbeyJwYXJhbV90eXBlIjoid29vZG1hcnRfcmVzcG9uc2l2ZV9zcGFjaW5nIiwic2VsZWN0b3JfaWQiOiI2MzNjM2FmODNkYmQyIiwic2hvcnRjb2RlIjoidmNfcm93IiwiZGF0YSI6eyJ0YWJsZXQiOnt9LCJtb2JpbGUiOnt9fX0=\u00a0\u00bb mobile_bg_img_hidden=\u00a0\u00bbno\u00a0\u00bb tablet_bg_img_hidden=\u00a0\u00bbno\u00a0\u00bb woodmart_parallax=\u00a0\u00bb0&Prime; woodmart_gradient_switch=\u00a0\u00bbno\u00a0\u00bb woodmart_box_shadow=\u00a0\u00bbno\u00a0\u00bb wd_z_index=\u00a0\u00bbno\u00a0\u00bb woodmart_disable_overflow=\u00a0\u00bb0&Prime; row_reverse_mobile=\u00a0\u00bb0&Prime; row_reverse_tablet=\u00a0\u00bb0&Prime; css=\u00a0\u00bb.vc_custom_1664891648006{margin-top: -20px !important;}\u00a0\u00bb][vc_column][vc_single_image image=\u00a0\u00bb9163&Prime; img_size=\u00a0\u00bbfull\u00a0\u00bb parallax_scroll=\u00a0\u00bbno\u00a0\u00bb woodmart_inline=\u00a0\u00bbno\u00a0\u00bb][\/vc_column][\/vc_row][vc_row full_width=\u00a0\u00bbstretch_row\u00a0\u00bb woodmart_css_id=\u00a0\u00bb633405642d25f\u00a0\u00bb responsive_spacing=\u00a0\u00bbeyJwYXJhbV90eXBlIjoid29vZG1hcnRfcmVzcG9uc2l2ZV9zcGFjaW5nIiwic2VsZWN0b3JfaWQiOiI2MzM0MDU2NDJkMjVmIiwic2hvcnRjb2RlIjoidmNfcm93IiwiZGF0YSI6eyJ0YWJsZXQiOnt9LCJtb2JpbGUiOnt9fX0=\u00a0\u00bb mobile_bg_img_hidden=\u00a0\u00bbno\u00a0\u00bb tablet_bg_img_hidden=\u00a0\u00bbno\u00a0\u00bb woodmart_parallax=\u00a0\u00bb0&Prime; woodmart_gradient_switch=\u00a0\u00bbno\u00a0\u00bb woodmart_box_shadow=\u00a0\u00bbno\u00a0\u00bb wd_z_index=\u00a0\u00bbno\u00a0\u00bb woodmart_disable_overflow=\u00a0\u00bb0&Prime; row_reverse_mobile=\u00a0\u00bb0&Prime; row_reverse_tablet=\u00a0\u00bb0&Prime;][vc_column]\n\t\t<div id=\"wd-691d9b9b38abe\" class=\"title-wrapper wd-wpb wd-set-mb reset-last-child  wd-rs-691d9b9b38abe wd-title-color-primary wd-title-style-simple text-center vc_custom_1763548067345 wd-underline-colored\">\n\t\t\t\n\t\t\t<div class=\"liner-continer\">\n\t\t\t\t<h1 class=\"woodmart-title-container title  wd-font-weight- wd-fontsize-xxl\" >Viscose 100%<\/h1>\n\t\t\t\t\t\t\t<\/div>\n\t\t\t\n\t\t\t\n\t\t\t\n\t\t<\/div>\n\t\t\n\t\t[vc_empty_space woodmart_hide_large=\u00a0\u00bb0&Prime; woodmart_hide_medium=\u00a0\u00bb0&Prime; woodmart_hide_small=\u00a0\u00bb0&Prime;][\/vc_column][\/vc_row][vc_row][vc_column width=\u00a0\u00bb1\/2&Prime;][vc_row_inner equal_height=\u00a0\u00bbyes\u00a0\u00bb woodmart_css_id=\u00a0\u00bb68c3ed76aba1c\u00a0\u00bb responsive_spacing=\u00a0\u00bbeyJwYXJhbV90eXBlIjoid29vZG1hcnRfcmVzcG9uc2l2ZV9zcGFjaW5nIiwic2VsZWN0b3JfaWQiOiI2OGMzZWQ3NmFiYTFjIiwic2hvcnRjb2RlIjoidmNfcm93X2lubmVyIiwiZGF0YSI6eyJ0YWJsZXQiOnt9LCJtb2JpbGUiOnt9fX0=\u00a0\u00bb mobile_bg_img_hidden=\u00a0\u00bbno\u00a0\u00bb tablet_bg_img_hidden=\u00a0\u00bbno\u00a0\u00bb woodmart_parallax=\u00a0\u00bb0&Prime; woodmart_gradient_switch=\u00a0\u00bbno\u00a0\u00bb woodmart_box_shadow=\u00a0\u00bbno\u00a0\u00bb wd_z_index=\u00a0\u00bbno\u00a0\u00bb woodmart_disable_overflow=\u00a0\u00bb0&Prime; row_reverse_mobile=\u00a0\u00bb0&Prime; row_reverse_tablet=\u00a0\u00bb0&Prime;][vc_column_inner width=\u00a0\u00bb1\/2&Prime;][vc_single_image image=\u00a0\u00bb17569&Prime; img_size=\u00a0\u00bblarge\u00a0\u00bb css=\u00a0\u00bb\u00a0\u00bb parallax_scroll=\u00a0\u00bbno\u00a0\u00bb woodmart_inline=\u00a0\u00bbno\u00a0\u00bb][\/vc_column_inner][vc_column_inner width=\u00a0\u00bb1\/2&Prime; vertical_alignment=\u00a0\u00bbeyJkZXZpY2VzIjp7ImRlc2t0b3AiOnsidmFsdWUiOiJjZW50ZXIifSwidGFibGV0Ijp7InZhbHVlIjoiIn0sIm1vYmlsZSI6eyJ2YWx1ZSI6IiJ9fX0=\u00a0\u00bb woodmart_css_id=\u00a0\u00bb68c3eda924a1a\u00a0\u00bb parallax_scroll=\u00a0\u00bbno\u00a0\u00bb woodmart_sticky_column=\u00a0\u00bbfalse\u00a0\u00bb wd_collapsible_content_switcher=\u00a0\u00bbno\u00a0\u00bb wd_column_role_offcanvas_desktop=\u00a0\u00bbno\u00a0\u00bb wd_column_role_offcanvas_tablet=\u00a0\u00bbno\u00a0\u00bb wd_column_role_offcanvas_mobile=\u00a0\u00bbno\u00a0\u00bb wd_column_role_content_desktop=\u00a0\u00bbno\u00a0\u00bb wd_column_role_content_tablet=\u00a0\u00bbno\u00a0\u00bb wd_column_role_content_mobile=\u00a0\u00bbno\u00a0\u00bb mobile_bg_img_hidden=\u00a0\u00bbno\u00a0\u00bb tablet_bg_img_hidden=\u00a0\u00bbno\u00a0\u00bb woodmart_parallax=\u00a0\u00bb0&Prime; woodmart_box_shadow=\u00a0\u00bbno\u00a0\u00bb responsive_spacing=\u00a0\u00bbeyJwYXJhbV90eXBlIjoid29vZG1hcnRfcmVzcG9uc2l2ZV9zcGFjaW5nIiwic2VsZWN0b3JfaWQiOiI2OGMzZWRhOTI0YTFhIiwic2hvcnRjb2RlIjoidmNfY29sdW1uX2lubmVyIiwiZGF0YSI6eyJ0YWJsZXQiOnt9LCJtb2JpbGUiOnt9fX0=\u00a0\u00bb wd_z_index=\u00a0\u00bbno\u00a0\u00bb]\n\t\t<div id=\"wd-691d9bc5e6ec7\" class=\"title-wrapper wd-wpb wd-set-mb reset-last-child  wd-rs-691d9bc5e6ec7 wd-title-color-default wd-title-style-simple text-left  wd-underline-colored\">\n\t\t\t\n\t\t\t<div class=\"liner-continer\">\n\t\t\t\t<h2 class=\"woodmart-title-container title  wd-font-weight- wd-fontsize-l\" >Viscose 100%<\/h2>\n\t\t\t\t\t\t\t<\/div>\n\t\t\t\n\t\t\t\t\t\t\t<div class=\"title-after_title reset-last-child  wd-fontsize-xs\">ECOVERO<\/p>\n<p>Ne 2 - 14<\/p>\n<p>Nm 3.5 - 14 (O)<\/p>\n<p>CV 00001<\/div>\n\t\t\t\n\t\t\t\n\t\t<\/div>\n\t\t\n\t\t[\/vc_column_inner][\/vc_row_inner][\/vc_column][vc_column width=\u00a0\u00bb1\/2&Prime;][\/vc_column][\/vc_row][vc_row][vc_column][vc_column_text css=\u00a0\u00bb\u00a0\u00bb woodmart_inline=\u00a0\u00bbno\u00a0\u00bb text_larger=\u00a0\u00bbno\u00a0\u00bb]S : STOCK OU HAUTE ROTATION<br \/>\nP : FILS FABRIQU\u00c9S P\u00c9RIODIQUEMENT<br \/>\nO : FILS FABRIQU\u00c9S SUR COMMANDE (MOQ : 3 TONNES)[\/vc_column_text][vc_empty_space woodmart_hide_large=\u00a0\u00bb0&Prime; woodmart_hide_medium=\u00a0\u00bb0&Prime; woodmart_hide_small=\u00a0\u00bb0&Prime;][\/vc_column][\/vc_row][vc_row][vc_column][vc_raw_html css=\u00a0\u00bb\u00a0\u00bb]JTNDc3R5bGUlM0UlMEQlMEElMjAlMjAudGFibGUtc2Nyb2xsJTdCb3ZlcmZsb3cteCUzQWF1dG8lM0Itd2Via2l0LW92ZXJmbG93LXNjcm9sbGluZyUzQXRvdWNoJTdEJTBEJTBBJTBEJTBBJTIwJTIwLnNwZWNzJTdCJTBEJTBBJTIwJTIwJTIwJTIwLS1ncmVlbiUzQSUyMHJnYiUyODM0JTJDNTclMkM1NCUyOSUzQiUwRCUwQSUyMCUyMCUyMCUyMC0tYm9yZGVyJTNBJTIzZDhkOGQ4JTNCJTBEJTBBJTBEJTBBJTIwJTIwJTIwJTIwd2lkdGglM0ExMDAlMjUlM0IlMEQlMEElMjAlMjAlMjAlMjBtaW4td2lkdGglM0E5ODBweCUzQiUyMCUyMCUyMCUyMCUyMCUyMCUyMCUyMCUyMCUyMCUyMCUyMCUyMCUyMCUyRiUyQSUyMCVDMyVBOXZpdGUlMjBsJUUyJTgwJTk5JUMzJUE5Y3Jhc2VtZW50JTIwZGFucyUyMGRlcyUyMGNvbnRlbmV1cnMlMjAlQzMlQTl0cm9pdHMlMjAlMkElMkYlMEQlMEElMjAlMjAlMjAlMjBib3JkZXItY29sbGFwc2UlM0FzZXBhcmF0ZSUzQiUwRCUwQSUyMCUyMCUyMCUyMHRhYmxlLWxheW91dCUzQWF1dG8lM0IlMjAlMjAlMjAlMjAlMjAlMjAlMjAlMjAlMjAlMjAlMjAlMjAlMkYlMkElMjBsYWlzc2UlMjBsZSUyMGNvbnRlbnUlMjBkJUMzJUE5ZmluaXIlMjBsYSUyMGxhcmdldXIlMjAlMkElMkYlMEQlMEElMjAlMjAlMjAlMjBib3JkZXItc3BhY2luZyUzQTAlM0IlMEQlMEElMjAlMjAlMjAlMjBiYWNrZ3JvdW5kJTNBJTIzZmZmJTNCJTBEJTBBJTIwJTIwJTIwJTIwYm9yZGVyJTNBMXB4JTIwc29saWQlMjB2YXIlMjgtLWJvcmRlciUyOSUzQiUwRCUwQSUyMCUyMCU3RCUwRCUwQSUwRCUwQSUyMCUyMC5zcGVjcyUyMHRoJTdCJTBEJTBBJTIwJTIwJTIwJTIwYmFja2dyb3VuZCUzQXZhciUyOC0tZ3JlZW4lMjklM0IlMEQlMEElMjAlMjAlMjAlMjBjb2xvciUzQSUyM2ZmZiUzQiUwRCUwQSUyMCUyMCUyMCUyMHBhZGRpbmclM0ExMnB4JTIwMTRweCUzQiUwRCUwQSUyMCUyMCUyMCUyMGZvbnQtd2VpZ2h0JTNBNzAwJTNCJTBEJTBBJTIwJTIwJTIwJTIwdGV4dC10cmFuc2Zvcm0lM0F1cHBlcmNhc2UlM0IlMEQlMEElMjAlMjAlMjAlMjBsZXR0ZXItc3BhY2luZyUzQS4wMmVtJTNCJTBEJTBBJTIwJTIwJTIwJTIwZm9udC1zaXplJTNBMTRweCUzQiUwRCUwQSUyMCUyMCUyMCUyMGJvcmRlci1yaWdodCUzQTFweCUyMHNvbGlkJTIwJTIzMmE0NjQzJTNCJTBEJTBBJTIwJTIwJTIwJTIwd2hpdGUtc3BhY2UlM0Fub3JtYWwlM0IlMjAlMjAlMjAlMjAlMjAlMjAlMjAlMjAlMjAlMjAlMjAlMkYlMkElMjBwZXJtZXQlMjBsZSUyMHJldG91ciUyMCVDMyVBMCUyMGxhJTIwbGlnbmUlMjAlMkElMkYlMEQlMEElMjAlMjAlMjAlMjBsaW5lLWhlaWdodCUzQTEuMiUzQiUwRCUwQSUyMCUyMCU3RCUwRCUwQSUyMCUyMC5zcGVjcyUyMHRoJTNBbGFzdC1jaGlsZCU3QiUyMGJvcmRlci1yaWdodCUzQTAlM0IlMjAlN0QlMEQlMEElMEQlMEElMjAlMjAuc3BlY3MlMjB0ZCU3QiUwRCUwQSUyMCUyMCUyMCUyMHBhZGRpbmclM0ExNHB4JTIwMTZweCUzQiUwRCUwQSUyMCUyMCUyMCUyMGJvcmRlci10b3AlM0ExcHglMjBzb2xpZCUyMHZhciUyOC0tYm9yZGVyJTI5JTNCJTBEJTBBJTIwJTIwJTIwJTIwYm9yZGVyLXJpZ2h0JTNBMXB4JTIwc29saWQlMjB2YXIlMjgtLWJvcmRlciUyOSUzQiUwRCUwQSUyMCUyMCUyMCUyMHZlcnRpY2FsLWFsaWduJTNBbWlkZGxlJTNCJTBEJTBBJTIwJTIwJTIwJTIwZm9udC1zaXplJTNBMTRweCUzQiUwRCUwQSUyMCUyMCUyMCUyMHdvcmQtYnJlYWslM0FicmVhay13b3JkJTNCJTIwJTIwJTIwJTIwJTIwJTIwJTIwJTIwJTJGJTJBJTIwJUMzJUE5dml0ZSUyMGxlcyUyMGNvdXB1cmVzJTIwZGlzZ3JhY2lldXNlcyUyMCUyQSUyRiUwRCUwQSUyMCUyMCU3RCUwRCUwQSUyMCUyMC5zcGVjcyUyMHRkJTNBbGFzdC1jaGlsZCU3QiUyMGJvcmRlci1yaWdodCUzQTAlM0IlMjAlN0QlMEQlMEElMEQlMEElMjAlMjAlMkYlMkElMjBDb2xvbm5lJTIwZGUlMjBncm91cGUlMjAlMjglQzMlQTAlMjBnYXVjaGUlMjBlbiUyMHZlcnQlMjklMjAlMkElMkYlMEQlMEElMjAlMjAuZ3JvdXAlN0IlMEQlMEElMjAlMjAlMjAlMjBiYWNrZ3JvdW5kJTNBdmFyJTI4LS1ncmVlbiUyOSUzQiUwRCUwQSUyMCUyMCUyMCUyMGNvbG9yJTNBJTIzZmZmJTNCJTBEJTBBJTIwJTIwJTIwJTIwdGV4dC1hbGlnbiUzQWNlbnRlciUzQiUwRCUwQSUyMCUyMCUyMCUyMGZvbnQtd2VpZ2h0JTNBNzAwJTNCJTBEJTBBJTIwJTIwJTIwJTIwdGV4dC10cmFuc2Zvcm0lM0F1cHBlcmNhc2UlM0IlMEQlMEElMjAlMjAlMjAlMjBsZXR0ZXItc3BhY2luZyUzQS4wNGVtJTNCJTBEJTBBJTIwJTIwJTdEJTBEJTBBJTIwJTIwLmdyb3VwJTIwZW0lN0IlMjBmb250LXN0eWxlJTNBaXRhbGljJTNCJTIwZGlzcGxheSUzQWlubGluZS1ibG9jayUzQiUyMCU3RCUwRCUwQSUwRCUwQSUyMCUyMCUyRiUyQSUyMEFsaWduZW1lbnRzJTIwcGFyJTIwY29sb25uZSUyMCUyOHJlbmZvcnQlMjBzaSUyMGxhJTIwY2xhc3NlJTIwLmNlbnRlciUyMG1hbnF1ZSUyOSUyMCUyQSUyRiUwRCUwQSUyMCUyMC5zcGVjcyUyMHRoJTNBbnRoLWNoaWxkJTI4NCUyOSUyQyUwRCUwQSUyMCUyMC5zcGVjcyUyMHRoJTNBbnRoLWNoaWxkJTI4NSUyOSUyQyUwRCUwQSUyMCUyMC5zcGVjcyUyMHRoJTNBbnRoLWNoaWxkJTI4NiUyOSUyQyUwRCUwQSUyMCUyMC5zcGVjcyUyMHRkJTNBbnRoLWNoaWxkJTI4NCUyOSUyQyUwRCUwQSUyMCUyMC5zcGVjcyUyMHRkJTNBbnRoLWNoaWxkJTI4NSUyOSUyQyUwRCUwQSUyMCUyMC5zcGVjcyUyMHRkJTNBbnRoLWNoaWxkJTI4NiUyOSU3QiUyMHRleHQtYWxpZ24lM0FjZW50ZXIlM0IlMjAlN0QlMEQlMEElMEQlMEElMjAlMjAlMkYlMkElMjBMYXJnZXVycyUyMHBsdXMlMjAlQzMlQTlxdWlsaWJyJUMzJUE5ZXMlMjAlMjh0b3RhbCUyMDEwMCUyNSUyOSUyMCUyQSUyRiUwRCUwQSUyMCUyMGNvbGdyb3VwJTIwY29sJTNBbnRoLWNoaWxkJTI4MSUyOSU3QiUyMHdpZHRoJTNBMjAlMjUlM0IlMjAlN0QlMjAlMjAlMkYlMkElMjBHcm91cGUlMjAlMkElMkYlMEQlMEElMjAlMjBjb2xncm91cCUyMGNvbCUzQW50aC1jaGlsZCUyODIlMjklN0IlMjB3aWR0aCUzQTM2JTI1JTNCJTIwJTdEJTIwJTIwJTJGJTJBJTIwTWF0aSVDMyVBOHJlJTIwcHJlbWklQzMlQThyZSUyMCUyRiUyMG0lQzMlQTlsYW5nZSUyMCUyQSUyRiUwRCUwQSUyMCUyMGNvbGdyb3VwJTIwY29sJTNBbnRoLWNoaWxkJTI4MyUyOSU3QiUyMHdpZHRoJTNBMjQlMjUlM0IlMjAlN0QlMjAlMjAlMkYlMkElMjBDZXJ0aWZpY2F0JTIwJTJGJTIwbWFycXVlJTIwJTJBJTJGJTBEJTBBJTIwJTIwY29sZ3JvdXAlMjBjb2wlM0FudGgtY2hpbGQlMjg0JTI5JTdCJTIwd2lkdGglM0ExMCUyNSUzQiUyMCU3RCUyMCUyMCUyRiUyQSUyMFBsYWdlJTIwZGUlMjB0aXRyZXMlMjAlMkElMkYlMEQlMEElMjAlMjBjb2xncm91cCUyMGNvbCUzQW50aC1jaGlsZCUyODUlMjklN0IlMjB3aWR0aCUzQTQlMjUlM0IlMjAlMjAlN0QlMjAlMjAlMkYlMkElMjBEJUMzJUE5bGFpJTIwZGUlMjBsaXZyYWlzb24lMjAlMkElMkYlMEQlMEElMjAlMjBjb2xncm91cCUyMGNvbCUzQW50aC1jaGlsZCUyODYlMjklN0IlMjB3aWR0aCUzQTYlMjUlM0IlMjAlMjAlN0QlMjAlMjAlMkYlMkElMjBSJUMzJUE5ZiVDMyVBOXJlbmNlJTIwJTJBJTJGJTBEJTBBJTBEJTBBJTIwJTIwJTJGJTJBJTIwQ29pbnMlMjBhcnJvbmRpcyUyMG9wdGlvbm5lbHMlMjAlMkElMkYlMEQlMEElMjAlMjAuc3BlY3MlMjB0ciUzQWZpcnN0LWNoaWxkJTIwdGglM0FmaXJzdC1jaGlsZCU3QiUyMGJvcmRlci10b3AtbGVmdC1yYWRpdXMlM0E2cHglM0IlMjAlN0QlMEQlMEElMjAlMjAuc3BlY3MlMjB0ciUzQWZpcnN0LWNoaWxkJTIwdGglM0FsYXN0LWNoaWxkJTdCJTIwYm9yZGVyLXRvcC1yaWdodC1yYWRpdXMlM0E2cHglM0IlMjAlN0QlMEQlMEElM0MlMkZzdHlsZSUzRSUwRCUwQSUwRCUwQSUzQ2RpdiUyMGNsYXNzJTNEJTIydGFibGUtc2Nyb2xsJTIyJTNFJTBEJTBBJTNDdGFibGUlMjBjbGFzcyUzRCUyMnNwZWNzJTIyJTIwYXJpYS1sYWJlbCUzRCUyMlNwJUMzJUE5Y2lmaWNhdGlvbnMlMjAlM0ElMjBGaWJyZXMlMjBjZWxsdWxvc2lxdWVzJTIwYXJ0aWZpY2llbGxlcyUyMiUzRSUwRCUwQSUyMCUyMCUzQ2NvbGdyb3VwJTNFJTBEJTBBJTIwJTIwJTIwJTIwJTNDY29sJTNFJTNDY29sJTNFJTNDY29sJTNFJTNDY29sJTNFJTNDY29sJTNFJTNDY29sJTNFJTBEJTBBJTIwJTIwJTNDJTJGY29sZ3JvdXAlM0UlMEQlMEElMjAlMjAlM0N0aGVhZCUzRSUwRCUwQSUyMCUyMCUyMCUyMCUzQ3RyJTNFJTBEJTBBJTIwJTIwJTIwJTIwJTIwJTIwJTNDdGglM0VHcm91cGUlM0MlMkZ0aCUzRSUwRCUwQSUyMCUyMCUyMCUyMCUyMCUyMCUzQ3RoJTNFTWF0aSVDMyVBOHJlJTIwcHJlbWklQzMlQThyZSUyMCUyRiUyMG0lQzMlQTlsYW5nZSUzQyUyRnRoJTNFJTBEJTBBJTIwJTIwJTIwJTIwJTIwJTIwJTNDdGglM0VDZXJ0aWZpY2F0JTIwJTJGJTIwbWFycXVlJTNDJTJGdGglM0UlMEQlMEElMjAlMjAlMjAlMjAlMjAlMjAlM0N0aCUzRVBsYWdlJTIwZGUlMjB0aXRyZXMlMjAlMjhOZSUyOSUzQyUyRnRoJTNFJTBEJTBBJTIwJTIwJTIwJTIwJTIwJTIwJTNDdGglM0VEJUMzJUE5bGFpJTNDYnIlM0VkZSUyMGxpdnJhaXNvbiUzQyUyRnRoJTNFJTBEJTBBJTIwJTIwJTIwJTIwJTIwJTIwJTNDdGglM0VSJUMzJUE5ZiVDMyVBOXJlbmNlJTNDJTJGdGglM0UlMEQlMEElMjAlMjAlMjAlMjAlM0MlMkZ0ciUzRSUwRCUwQSUyMCUyMCUzQyUyRnRoZWFkJTNFJTBEJTBBJTIwJTIwJTNDdGJvZHklM0UlMEQlMEElMjAlMjAlMjAlMjAlM0N0ciUzRSUwRCUwQSUyMCUyMCUyMCUyMCUyMCUyMCUzQ3RkJTIwY2xhc3MlM0QlMjJncm91cCUyMiUyMHJvd3NwYW4lM0QlMjIzJTIyJTNFRmlicmVzJTNDYnIlM0VjZWxsdWxvc2lxdWVzJTNDYnIlM0UlM0NlbSUzRWFydGlmaWNpZWxsZXMlM0MlMkZlbSUzRSUzQyUyRnRkJTNFJTBEJTBBJTIwJTIwJTIwJTIwJTIwJTIwJTNDdGQlMjBjbGFzcyUzRCUyMnVwcGVyJTIyJTNFVmlzY29zZSUyMDEwMCUyNSUzQyUyRnRkJTNFJTBEJTBBJTIwJTIwJTIwJTIwJTIwJTIwJTNDdGQlMjBjbGFzcyUzRCUyMnVwcGVyJTIyJTNFTEVOWklORyVFMiU4NCVBMiUyMEVDT1ZFUk8lM0MlMkZ0ZCUzRSUwRCUwQSUyMCUyMCUyMCUyMCUyMCUyMCUzQ3RkJTNFTmUlMjAyJTIwLSUyME5lJTIwMTQlM0MlMkZ0ZCUzRSUwRCUwQSUyMCUyMCUyMCUyMCUyMCUyMCUzQ3RkJTNFTyUzQyUyRnRkJTNFJTBEJTBBJTIwJTIwJTIwJTIwJTIwJTIwJTNDdGQlM0VDVjAwMDAxJTNDJTJGdGQlM0UlMEQlMEElMjAlMjAlMjAlMjAlM0MlMkZ0ciUzRSUwRCUwQSUyMCUyMCUyMCUyMCUzQ3RyJTNFJTBEJTBBJTIwJTIwJTIwJTIwJTIwJTIwJTNDdGQlMjBjbGFzcyUzRCUyMnVwcGVyJTIyJTNFTW9kYWwlMjAxMDAlMjUlM0MlMkZ0ZCUzRSUwRCUwQSUyMCUyMCUyMCUyMCUyMCUyMCUzQ3RkJTIwY2xhc3MlM0QlMjJ1cHBlciUyMiUzRUxFTlpJTkclRTIlODQlQTIlMjBNT0RBTCUyMFNUQU5EQVJEJTIwTyUyMFNVTiUzQyUyRnRkJTNFJTBEJTBBJTIwJTIwJTIwJTIwJTIwJTIwJTNDdGQlM0VOZSUyMDIlMjAtJTIwTmUlMjAxNCUzQyUyRnRkJTNFJTBEJTBBJTIwJTIwJTIwJTIwJTIwJTIwJTNDdGQlM0VPJTNDJTJGdGQlM0UlMEQlMEElMjAlMjAlMjAlMjAlMjAlMjAlM0N0ZCUzRUNNRDAwMDElM0MlMkZ0ZCUzRSUwRCUwQSUyMCUyMCUyMCUyMCUzQyUyRnRyJTNFJTBEJTBBJTIwJTIwJTIwJTIwJTNDdHIlM0UlMEQlMEElMjAlMjAlMjAlMjAlMjAlMjAlM0N0ZCUyMGNsYXNzJTNEJTIydXBwZXIlMjIlM0VMeW9jZWxsJTIwMTAwJTI1JTNDJTJGdGQlM0UlMEQlMEElMjAlMjAlMjAlMjAlMjAlMjAlM0N0ZCUyMGNsYXNzJTNEJTIydXBwZXIlMjIlM0VMRU5aSU5HJUUyJTg0JUEyJTIwVEVOQ0VMJTIwU1RBTkRBUkQlMjBPJTIwTEYlM0MlMkZ0ZCUzRSUwRCUwQSUyMCUyMCUyMCUyMCUyMCUyMCUzQ3RkJTNFTmUlMjAyJTIwLSUyME5lJTIwMTQlM0MlMkZ0ZCUzRSUwRCUwQSUyMCUyMCUyMCUyMCUyMCUyMCUzQ3RkJTNFTyUzQyUyRnRkJTNFJTBEJTBBJTIwJTIwJTIwJTIwJTIwJTIwJTNDdGQlM0VDTFkwMDAxJTNDJTJGdGQlM0UlMEQlMEElMjAlMjAlMjAlMjAlM0MlMkZ0ciUzRSUwRCUwQSUyMCUyMCUzQyUyRnRib2R5JTNFJTBEJTBBJTNDJTJGdGFibGUlM0UlMEQlMEElM0MlMkZkaXYlM0UlMEQlMEE=[\/vc_raw_html][\/vc_column][\/vc_row][vc_row][vc_column][vc_column_text css=\u00a0\u00bb\u00a0\u00bb woodmart_inline=\u00a0\u00bbno\u00a0\u00bb text_larger=\u00a0\u00bbno\u00a0\u00bb]Des versions slub\/fantaisie des fils ci-dessus sont disponibles, certaines en stock ou fabriqu\u00e9es sur commande.<\/p>\n<p>S : <strong>SERVICE STOCK OU HAUTE ROTATION<\/strong><br \/>\nFils en production r\u00e9guli\u00e8re ; disponibles pour une livraison rapide, y compris en petites quantit\u00e9s \u00e0 partir du stock existant<br \/>\nP : <strong>FILS FABRIQU\u00c9S P\u00c9RIODIQUEMENT<\/strong><br \/>\nLe d\u00e9lai de livraison peut \u00eatre plus long. Les commandes inf\u00e9rieures \u00e0 3 tonnes sont accept\u00e9es<br \/>\nO : <strong>FILS FABRIQU\u00c9S SUR COMMANDE<\/strong><br \/>\nLe d\u00e9lai de livraison peut \u00eatre plus long. Quantit\u00e9 minimale de commande : 3 tonnes[\/vc_column_text][\/vc_column][\/vc_row]<\/p>\n<\/div>","protected":false},"excerpt":{"rendered":"<p>[vc_row full_width=\u00a0\u00bbstretch_row_content_no_spaces\u00a0\u00bb woodmart_css_id=\u00a0\u00bb633c3af83dbd2&Prime; responsive_spacing=\u00a0\u00bbeyJwYXJhbV90eXBlIjoid29vZG1hcnRfcmVzcG9uc2l2ZV9zcGFjaW5nIiwic2VsZWN0b3JfaWQiOiI2MzNjM2FmODNkYmQyIiwic2hvcnRjb2RlIjoidmNfcm93IiwiZGF0YSI6eyJ0YWJsZXQiOnt9LCJtb2JpbGUiOnt9fX0=\u00a0\u00bb mobile_bg_img_hidden=\u00a0\u00bbno\u00a0\u00bb tablet_bg_img_hidden=\u00a0\u00bbno\u00a0\u00bb woodmart_parallax=\u00a0\u00bb0&Prime; woodmart_gradient_switch=\u00a0\u00bbno\u00a0\u00bb woodmart_box_shadow=\u00a0\u00bbno\u00a0\u00bb wd_z_index=\u00a0\u00bbno\u00a0\u00bb woodmart_disable_overflow=\u00a0\u00bb0&Prime; row_reverse_mobile=\u00a0\u00bb0&Prime; row_reverse_tablet=\u00a0\u00bb0&Prime; css=\u00a0\u00bb.vc_custom_1664891648006{margin-top: -20px !important;}\u00a0\u00bb][vc_column][vc_single_image image=\u00a0\u00bb9163&Prime; img_size=\u00a0\u00bbfull\u00a0\u00bb parallax_scroll=\u00a0\u00bbno\u00a0\u00bb woodmart_inline=\u00a0\u00bbno\u00a0\u00bb][\/vc_column][\/vc_row][vc_row<\/p>\n","protected":false},"author":14,"featured_media":0,"parent":8824,"menu_order":0,"comment_status":"closed","ping_status":"closed","template":"","meta":{"_monsterinsights_skip_tracking":false,"_monsterinsights_sitenote_active":false,"_monsterinsights_sitenote_note":"","_monsterinsights_sitenote_category":0,"footnotes":""},"class_list":["post-17979","page","type-page","status-publish","hentry"],"aioseo_notices":[],"_links":{"self":[{"href":"https:\/\/intercot.es\/fr\/wp-json\/wp\/v2\/pages\/17979","targetHints":{"allow":["GET"]}}],"collection":[{"href":"https:\/\/intercot.es\/fr\/wp-json\/wp\/v2\/pages"}],"about":[{"href":"https:\/\/intercot.es\/fr\/wp-json\/wp\/v2\/types\/page"}],"author":[{"embeddable":true,"href":"https:\/\/intercot.es\/fr\/wp-json\/wp\/v2\/users\/14"}],"replies":[{"embeddable":true,"href":"https:\/\/intercot.es\/fr\/wp-json\/wp\/v2\/comments?post=17979"}],"version-history":[{"count":5,"href":"https:\/\/intercot.es\/fr\/wp-json\/wp\/v2\/pages\/17979\/revisions"}],"predecessor-version":[{"id":18026,"href":"https:\/\/intercot.es\/fr\/wp-json\/wp\/v2\/pages\/17979\/revisions\/18026"}],"up":[{"embeddable":true,"href":"https:\/\/intercot.es\/fr\/wp-json\/wp\/v2\/pages\/8824"}],"wp:attachment":[{"href":"https:\/\/intercot.es\/fr\/wp-json\/wp\/v2\/media?parent=17979"}],"curies":[{"name":"wp","href":"https:\/\/api.w.org\/{rel}","templated":true}]}}